{"id":11,"date":"2023-02-18T19:15:55","date_gmt":"2023-02-18T19:15:55","guid":{"rendered":"http:\/\/195.90.211.136\/index.php\/imprint\/"},"modified":"2023-02-22T14:09:52","modified_gmt":"2023-02-22T14:09:52","slug":"imprint","status":"publish","type":"page","link":"https:\/\/firmenlaufshirts.nso-team.de\/index.php\/imprint\/","title":{"rendered":"Impressum"},"content":{"rendered":"\n<p><a href=\"http:\/\/www.firmenlaufshirts.nso-team.de\">www.firmenlaufshirts.nso-team.de<\/a><br>ist eine Internetpr\u00e4senz des<\/p>\n\n\n\n<p><strong>NSO-Team<\/strong>&nbsp;<\/p>\n\n\n\n<p><em>Schnackenburgallee 158<\/em><br><em>22525 Hamburg<\/em><br><br><em>Telefon: +49 (0)40 38 15 07<\/em><br>Fax: +49 (0)40 380 58 43<br><em>E-Mail: info@nso-team.de<\/em><\/p>\n\n\n\n<p>Steuer-Nummer: 0218112528 UST-ID-Nummer: DE 219984708<br>Gesch\u00e4ftsf\u00fchrer: Mathias Neumann<\/p>\n\n\n\n<p><strong>Unser Ladengesch\u00e4ft in Hamburg &#8211; seit 15 Jahren f\u00fcr Sie da!<\/strong><\/p>\n\n\n<div class=\"woocommerce woocommerce-gzd woocommerce-gzd-complaints-shortcode\">\n\t<h3>Alternative Dispute Resolution in accordance with Art. 14 (1) ODR-VO and \u00a7 36 VSBG:<\/h3>\n\n<p>The european commission provides a platform for online dispute resolution (OS) which is accessible at <a href=\"https:\/\/ec.europa.eu\/consumers\/odr\" target=\"_blank\">https:\/\/ec.europa.eu\/consumers\/odr<\/a>. We are not obliged nor willing to participate in dispute settlement proceedings before a consumer arbitration board.<\/p>\n<\/div>","protected":false},"excerpt":{"rendered":"<p>www.firmenlaufshirts.nso-team.deist eine Internetpr\u00e4senz des NSO-Team&nbsp; Schnackenburgallee 15822525 Hamburg Telefon: +49 (0)40 38 15 07Fax: +49 (0)40 380 58 43E-Mail: info@nso-team.de Steuer-Nummer: 0218112528 UST-ID-Nummer: DE 219984708Gesch\u00e4ftsf\u00fchrer: Mathias Neumann Unser Ladengesch\u00e4ft in [&hellip;]<\/p>\n","protected":false},"author":1,"featured_media":0,"parent":0,"menu_order":0,"comment_status":"closed","ping_status":"closed","template":"","meta":{"footnotes":""},"class_list":["post-11","page","type-page","status-publish","hentry"],"_links":{"self":[{"href":"https:\/\/firmenlaufshirts.nso-team.de\/index.php\/wp-json\/wp\/v2\/pages\/11","targetHints":{"allow":["GET"]}}],"collection":[{"href":"https:\/\/firmenlaufshirts.nso-team.de\/index.php\/wp-json\/wp\/v2\/pages"}],"about":[{"href":"https:\/\/firmenlaufshirts.nso-team.de\/index.php\/wp-json\/wp\/v2\/types\/page"}],"author":[{"embeddable":true,"href":"https:\/\/firmenlaufshirts.nso-team.de\/index.php\/wp-json\/wp\/v2\/users\/1"}],"replies":[{"embeddable":true,"href":"https:\/\/firmenlaufshirts.nso-team.de\/index.php\/wp-json\/wp\/v2\/comments?post=11"}],"version-history":[{"count":2,"href":"https:\/\/firmenlaufshirts.nso-team.de\/index.php\/wp-json\/wp\/v2\/pages\/11\/revisions"}],"predecessor-version":[{"id":182,"href":"https:\/\/firmenlaufshirts.nso-team.de\/index.php\/wp-json\/wp\/v2\/pages\/11\/revisions\/182"}],"wp:attachment":[{"href":"https:\/\/firmenlaufshirts.nso-team.de\/index.php\/wp-json\/wp\/v2\/media?parent=11"}],"curies":[{"name":"wp","href":"https:\/\/api.w.org\/{rel}","templated":true}]}}